{"id":996,"date":"2021-04-14T08:05:13","date_gmt":"2021-04-14T06:05:13","guid":{"rendered":"https:\/\/drew.qodeinteractive.com\/?page_id=996"},"modified":"2025-11-03T21:34:52","modified_gmt":"2025-11-03T20:34:52","slug":"reserver","status":"publish","type":"page","link":"https:\/\/radici.lu\/en\/reserver\/","title":{"rendered":"Book a table"},"content":{"rendered":"<div data-elementor-type=\"wp-page\" data-elementor-id=\"996\" class=\"elementor elementor-996\">\n\t\t\t\t\t\t<section class=\"elementor-section elementor-top-section elementor-element elementor-element-b2f817b elementor-section-full_width elementor-section-height-default elementor-section-height-default qodef-elementor-content-no\" data-id=\"b2f817b\" data-element_type=\"section\" data-e-type=\"section\">\n\t\t\t\t\t\t<div class=\"elementor-container elementor-column-gap-default\">\n\t\t\t\t\t<div class=\"elementor-column elementor-col-100 elementor-top-column elementor-element elementor-element-415c51d\" data-id=\"415c51d\" data-element_type=\"column\" data-e-type=\"column\">\n\t\t\t<div class=\"elementor-widget-wrap elementor-element-populated\">\n\t\t\t\t\t\t<div class=\"elementor-element elementor-element-ffd7a39 elementor-widget elementor-widget-text-editor\" data-id=\"ffd7a39\" data-element_type=\"widget\" data-e-type=\"widget\" data-widget_type=\"text-editor.default\">\n\t\t\t\t<div class=\"elementor-widget-container\">\n\t\t\t\t\t\t\t\t\t<p>Call us or write us, we'll be happy answer to your questions.<\/p>\t\t\t\t\t\t\t\t<\/div>\n\t\t\t\t<\/div>\n\t\t\t\t\t<\/div>\n\t\t<\/div>\n\t\t\t\t\t<\/div>\n\t\t<\/section>\n\t\t\t\t<section class=\"elementor-section elementor-top-section elementor-element elementor-element-266d09a elementor-section-boxed elementor-section-height-default elementor-section-height-default qodef-elementor-content-no elementor-invisible\" data-id=\"266d09a\" data-element_type=\"section\" data-e-type=\"section\" data-settings=\"{&quot;background_background&quot;:&quot;classic&quot;,&quot;animation&quot;:&quot;fadeInUp&quot;}\">\n\t\t\t\t\t\t<div class=\"elementor-container elementor-column-gap-default\">\n\t\t\t\t\t<div class=\"elementor-column elementor-col-50 elementor-top-column elementor-element elementor-element-f95d44d elementor-invisible\" data-id=\"f95d44d\" data-element_type=\"column\" data-e-type=\"column\" data-settings=\"{&quot;animation&quot;:&quot;fadeIn&quot;}\">\n\t\t\t<div class=\"elementor-widget-wrap elementor-element-populated\">\n\t\t\t\t\t\t<div class=\"elementor-element elementor-element-ae6ad73 elementor-widget elementor-widget-shortcode\" data-id=\"ae6ad73\" data-element_type=\"widget\" data-e-type=\"widget\" data-widget_type=\"shortcode.default\">\n\t\t\t\t<div class=\"elementor-widget-container\">\n\t\t\t\t\t\t\t<div class=\"elementor-shortcode\">\n<!-- iframe plugin v.6.0 wordpress.org\/plugins\/iframe\/ -->\n<iframe src=\"https:\/\/www.radici.lu\/index.php\/reserver_resa\" width=\"100%\" height=\"780px\" scrolling=\"yes\" class=\"iframe-class\" frameborder=\"0\"><\/iframe>\n<\/div>\n\t\t\t\t\t\t<\/div>\n\t\t\t\t<\/div>\n\t\t\t\t\t<\/div>\n\t\t<\/div>\n\t\t\t\t<div class=\"elementor-column elementor-col-50 elementor-top-column elementor-element elementor-element-2054bb5 elementor-invisible\" data-id=\"2054bb5\" data-element_type=\"column\" data-e-type=\"column\" data-settings=\"{&quot;animation&quot;:&quot;fadeIn&quot;}\">\n\t\t\t<div class=\"elementor-widget-wrap elementor-element-populated\">\n\t\t\t\t\t\t<div class=\"elementor-element elementor-element-4eb8b53 elementor-widget elementor-widget-google_maps\" data-id=\"4eb8b53\" data-element_type=\"widget\" data-e-type=\"widget\" data-widget_type=\"google_maps.default\">\n\t\t\t\t<div class=\"elementor-widget-container\">\n\t\t\t\t\t\t\t<div class=\"elementor-custom-embed\">\n\t\t\t<iframe loading=\"lazy\"\n\t\t\t\t\tsrc=\"https:\/\/maps.google.com\/maps?q=Sofitel%20Luxembourg%20Europe&#038;t=m&#038;z=10&#038;output=embed&#038;iwloc=near\"\n\t\t\t\t\ttitle=\"Sofitel Luxembourg Europe\"\n\t\t\t\t\taria-label=\"Sofitel Luxembourg Europe\"\n\t\t\t><\/iframe>\n\t\t<\/div>\n\t\t\t\t\t\t<\/div>\n\t\t\t\t<\/div>\n\t\t\t\t<div class=\"elementor-element elementor-element-b29c58c elementor-align-center elementor-widget elementor-widget-button\" data-id=\"b29c58c\" data-element_type=\"widget\" data-e-type=\"widget\" data-widget_type=\"button.default\">\n\t\t\t\t<div class=\"elementor-widget-container\">\n\t\t\t\t\t\t\t\t\t<div class=\"elementor-button-wrapper\">\n\t\t\t\t\t<a class=\"elementor-button elementor-button-link elementor-size-md\" href=\"https:\/\/wherearewe.sofitelluxembourg.lu\/\" target=\"_blank\" rel=\"noopener\">\n\t\t\t\t\t\t<span class=\"elementor-button-content-wrapper\">\n\t\t\t\t\t\t\t\t\t<span class=\"elementor-button-text\">Parking at the Sofitel Luxembourg Europe is offered free of charge to Radici guests (except for groups of more than 10 people).\nFind detailed access maps for the Sofitel Luxembourg Europe car parks and make your arrival easier by exploring the available parking options.<\/span>\n\t\t\t\t\t<\/span>\n\t\t\t\t\t<\/a>\n\t\t\t\t<\/div>\n\t\t\t\t\t\t\t\t<\/div>\n\t\t\t\t<\/div>\n\t\t\t\t<div class=\"elementor-element elementor-element-e7441dd elementor-widget elementor-widget-drew_core_icon_list_item\" data-id=\"e7441dd\" data-element_type=\"widget\" data-e-type=\"widget\" data-widget_type=\"drew_core_icon_list_item.default\">\n\t\t\t\t<div class=\"elementor-widget-container\">\n\t\t\t\t\t<div class=\"qodef-icon-list-item qodef-icon--icon-pack\" >\n\t<p class=\"qodef-e-title\" >\n\t\t\t\t\t<a itemprop=\"url\" href=\"tel:+35243776870\" target=\"_self\">\n\t\t\t\t\t<span class=\"qodef-e-title-inner\">\n\t\t\t\t<span class=\"qodef-shortcode qodef-m  qodef-icon-holder  qodef-layout--circle\"  >\t\t\t<span class=\"qodef-icon-font-awesome fa fa-phone qodef-icon qodef-e\" style=\"\" ><\/span>\t<\/span>\t\t\t\t<span class=\"qodef-e-title-text\">+352 43 77 68 70<\/span>\n\t\t\t<\/span>\n\t\t\t\t\t<\/a>\n\t\t\t<\/p>\n<\/div>\n\t\t\t\t<\/div>\n\t\t\t\t<\/div>\n\t\t\t\t<div class=\"elementor-element elementor-element-1be4533 elementor-widget elementor-widget-drew_core_icon_list_item\" data-id=\"1be4533\" data-element_type=\"widget\" data-e-type=\"widget\" data-widget_type=\"drew_core_icon_list_item.default\">\n\t\t\t\t<div class=\"elementor-widget-container\">\n\t\t\t\t\t<div class=\"qodef-icon-list-item qodef-icon--icon-pack\" >\n\t<p class=\"qodef-e-title\" >\n\t\t\t\t\t<a itemprop=\"url\" href=\"https:\/\/www.google.com\/maps\/dir\/\/H%C3%B4tel+Sofitel,+Quartier+Europ%C3%A9en+Nord,+6+Rue+du+Fort+Niedergruenewald,+2015+Luxembourg\/data=!4m6!4m5!1m1!4e2!1m2!1m1!1s0x47954f39b8008be3:0xeaa45b8386b3ac66?sa=X&#038;ved=2ahUKEwil9typnYH0AhUIDuwKHYgsBTUQ9Rd6BAhDEAQ\" target=\"_self\" rel=\"noopener\">\n\t\t\t\t\t<span class=\"qodef-e-title-inner\">\n\t\t\t\t<span class=\"qodef-shortcode qodef-m  qodef-icon-holder  qodef-layout--circle\"  >\t\t\t<span class=\"qodef-icon-font-awesome fa fa-location-arrow qodef-icon qodef-e\" style=\"\" ><\/span>\t<\/span>\t\t\t\t<span class=\"qodef-e-title-text\">6 Rue du Fort Niedergruenewald, 2226 Luxembourg<\/span>\n\t\t\t<\/span>\n\t\t\t\t\t<\/a>\n\t\t\t<\/p>\n<\/div>\n\t\t\t\t<\/div>\n\t\t\t\t<\/div>\n\t\t\t\t<div class=\"elementor-element elementor-element-d0b8fea elementor-widget elementor-widget-drew_core_icon_list_item\" data-id=\"d0b8fea\" data-element_type=\"widget\" data-e-type=\"widget\" data-widget_type=\"drew_core_icon_list_item.default\">\n\t\t\t\t<div class=\"elementor-widget-container\">\n\t\t\t\t\t<div class=\"qodef-icon-list-item qodef-icon--icon-pack\" >\n\t<p class=\"qodef-e-title\" >\n\t\t\t\t\t<a itemprop=\"url\" href=\"mailto:contact@radici.lu\" target=\"_self\">\n\t\t\t\t\t<span class=\"qodef-e-title-inner\">\n\t\t\t\t<span class=\"qodef-shortcode qodef-m  qodef-icon-holder  qodef-layout--circle\"  >\t\t\t<span class=\"qodef-icon-font-awesome fa fa-envelope qodef-icon qodef-e\" style=\"\" ><\/span>\t<\/span>\t\t\t\t<span class=\"qodef-e-title-text\">contact@radici.lu<\/span>\n\t\t\t<\/span>\n\t\t\t\t\t<\/a>\n\t\t\t<\/p>\n<\/div>\n\t\t\t\t<\/div>\n\t\t\t\t<\/div>\n\t\t\t\t\t<\/div>\n\t\t<\/div>\n\t\t\t\t\t<\/div>\n\t\t<\/section>\n\t\t\t\t<\/div>","protected":false},"excerpt":{"rendered":"<p>Appelez-nous ou \u00e9crivez-nous, nous serions enchant\u00e9s de r\u00e9pondre \u00e0 vos questions. Le parking du Sofitel Luxembourg Europe est offert gratuitement aux clients du Radici (hors groupes de plus de 10 personnes). Retrouvez les plans d\u2019acc\u00e8s d\u00e9taill\u00e9s des parkings de l\u2019h\u00f4tel Sofitel Luxembourg Europe et facilitez votre arriv\u00e9e en d\u00e9couvrant les options de stationnement disponibles. +352 [&hellip;]<\/p>\n","protected":false},"author":1,"featured_media":0,"parent":0,"menu_order":0,"comment_status":"closed","ping_status":"closed","template":"","meta":{"footnotes":""},"class_list":["post-996","page","type-page","status-publish","hentry"],"_links":{"self":[{"href":"https:\/\/radici.lu\/en\/wp-json\/wp\/v2\/pages\/996","targetHints":{"allow":["GET"]}}],"collection":[{"href":"https:\/\/radici.lu\/en\/wp-json\/wp\/v2\/pages"}],"about":[{"href":"https:\/\/radici.lu\/en\/wp-json\/wp\/v2\/types\/page"}],"author":[{"embeddable":true,"href":"https:\/\/radici.lu\/en\/wp-json\/wp\/v2\/users\/1"}],"replies":[{"embeddable":true,"href":"https:\/\/radici.lu\/en\/wp-json\/wp\/v2\/comments?post=996"}],"version-history":[{"count":534,"href":"https:\/\/radici.lu\/en\/wp-json\/wp\/v2\/pages\/996\/revisions"}],"predecessor-version":[{"id":9837,"href":"https:\/\/radici.lu\/en\/wp-json\/wp\/v2\/pages\/996\/revisions\/9837"}],"wp:attachment":[{"href":"https:\/\/radici.lu\/en\/wp-json\/wp\/v2\/media?parent=996"}],"curies":[{"name":"wp","href":"https:\/\/api.w.org\/{rel}","templated":true}]}}