{"id":10045,"date":"2026-04-28T13:25:44","date_gmt":"2026-04-28T11:25:44","guid":{"rendered":"https:\/\/radici.lu\/?post_type=product&#038;p=10045"},"modified":"2026-05-12T20:24:11","modified_gmt":"2026-05-12T18:24:11","slug":"festa-della-repubblica","status":"publish","type":"product","link":"https:\/\/radici.lu\/en\/product\/festa-della-repubblica\/","title":{"rendered":"Four-hands dinner \u2013 Italian National Day"},"content":{"rendered":"<h4 style=\"text-align: center;\" data-pm-slice=\"1 1 []\"><strong>Menu<\/strong><\/h4>\n<p>&nbsp;<\/p>\n<h5 class=\"p1\" style=\"text-align: center;\">Ostrica Gillardeau in trompe l\u2019oeil e acqua di pomodoro<\/h5>\n<p style=\"text-align: center;\" data-start=\"167\" data-end=\"306\">Gillardeau oyster trompe-l\u2019\u0153il with tomato water<\/p>\n<p>&nbsp;<\/p>\n<p style=\"text-align: center;\" data-start=\"365\" data-end=\"535\">~<\/p>\n<h5 class=\"p1\" style=\"text-align: center;\"><\/h5>\n<h5 class=\"p1\" style=\"text-align: center;\">Carciofo, bottarga di tonno burro acido e olio di porro bruciato<\/h5>\n<p class=\"p1\" style=\"text-align: center;\">Carciofo, poutargue de thon, beurre blanc et huile de poireau br\u00fbl\u00e9<\/p>\n<p>&nbsp;<\/p>\n<p class=\"p1\" style=\"text-align: center;\"><i>\ud83c\udf77 Bibi Graetz, Casamatta Bianco, Vermentino, Toscane IGT, Italie\u00a0<\/i><i><\/i><\/p>\n<p>&nbsp;<\/p>\n<p style=\"text-align: center;\" data-start=\"365\" data-end=\"535\">~<\/p>\n<h5 class=\"p1\" style=\"text-align: center;\">Risotto con Astice blu alla brace, zucchine trombetta e limone maturato<\/h5>\n<p class=\"p1\" style=\"text-align: center;\">Risotto au homard bleu \u00e0 la braise, courgette trombetta et citron affin\u00e9<\/p>\n<p>&nbsp;<\/p>\n<p class=\"p1\" style=\"text-align: center;\"><i>\ud83c\udf77 Peter Zemmer, Chardonnay, Alto Adige DOC, Italie\u00a0<\/i><i><\/i><\/p>\n<p>&nbsp;<\/p>\n<p style=\"text-align: center;\" data-start=\"365\" data-end=\"535\">~<\/p>\n<h5 class=\"p1\" style=\"text-align: center;\"><\/h5>\n<h5 class=\"p1\" style=\"text-align: center;\">Piccione laccato e anguilla alla brace, consistenze di cipolla<\/h5>\n<p class=\"p1\" style=\"text-align: center;\">Pigeon laqu\u00e9 et anguille grill\u00e9e au charbon, d\u00e9clinaison d\u2019oignon<\/p>\n<p>&nbsp;<\/p>\n<p style=\"text-align: center;\"><i>\ud83c\udf77 Barbac\u00e0n, Rosso Alpi Retiche IGT, Nebbiolo, Lombardie, Italie\u00a0<\/i><\/p>\n<p>&nbsp;<\/p>\n<p style=\"text-align: center;\" data-start=\"365\" data-end=\"535\">~<\/p>\n<h5 class=\"p1\" style=\"text-align: center;\"><\/h5>\n<h5 style=\"text-align: center;\" data-pm-slice=\"1 1 []\">Lecca lecca alla fragola<\/h5>\n<p style=\"text-align: center;\" data-start=\"1360\" data-end=\"1502\">Strawberry lollipop creation<\/p>\n<p>&nbsp;<\/p>\n<p style=\"text-align: center;\" data-start=\"365\" data-end=\"535\">~<\/p>\n<h5 class=\"p1\" style=\"text-align: center;\"><\/h5>\n<h5 style=\"text-align: center;\" data-pm-slice=\"1 1 []\">Araguani, sorbetto al caramello e salsa di frutto della passione<\/h5>\n<p style=\"text-align: center;\" data-start=\"1572\" data-end=\"1761\">Araguani, caramel sorbet, and passion fruit sauce<\/p>\n<p class=\"p1\" style=\"text-align: center;\"><i>\ud83c\udf77 Brilla, Prosecco Ros\u00e9 DOC \u2013 Extra Dry, Glera &amp; Pinot Noir, V\u00e9n\u00e9tie, Italie<\/i><\/p>\n<p style=\"text-align: center;\" data-start=\"365\" data-end=\"535\">~<\/p>\n<h5><\/h5>\n<h5 style=\"text-align: center;\"><strong>Gourmandise<\/strong><\/h5>\n<p style=\"text-align: center;\"><em>Mignardise<\/em> surprise<\/p>\n<p>&nbsp;<\/p>\n<p><img decoding=\"async\" class=\"wp-image-10060 aligncenter\" src=\"https:\/\/radici.lu\/wp-content\/uploads\/2026\/04\/logo-bernard-massard-300x212.png\" alt=\"\" width=\"232\" height=\"164\" srcset=\"https:\/\/radici.lu\/wp-content\/uploads\/2026\/04\/logo-bernard-massard-300x212.png 300w, https:\/\/radici.lu\/wp-content\/uploads\/2026\/04\/logo-bernard-massard-18x12.png 18w, https:\/\/radici.lu\/wp-content\/uploads\/2026\/04\/logo-bernard-massard.png 500w\" sizes=\"(max-width: 232px) 100vw, 232px\" \/><img decoding=\"async\" class=\"wp-image-10063 aligncenter\" src=\"https:\/\/radici.lu\/wp-content\/uploads\/2026\/04\/stpel-300x86.png\" alt=\"\" width=\"248\" height=\"71\" srcset=\"https:\/\/radici.lu\/wp-content\/uploads\/2026\/04\/stpel-300x86.png 300w, https:\/\/radici.lu\/wp-content\/uploads\/2026\/04\/stpel-18x5.png 18w, https:\/\/radici.lu\/wp-content\/uploads\/2026\/04\/stpel-650x189.png 650w, https:\/\/radici.lu\/wp-content\/uploads\/2026\/04\/stpel-600x172.png 600w, https:\/\/radici.lu\/wp-content\/uploads\/2026\/04\/stpel.png 659w\" sizes=\"(max-width: 248px) 100vw, 248px\" \/><\/p>\n<p>&nbsp;<\/p>\n<p><img decoding=\"async\" class=\"wp-image-10061 aligncenter\" src=\"https:\/\/radici.lu\/wp-content\/uploads\/2026\/04\/rak-porcelain-final-logo-406x465-1-262x300.png\" alt=\"\" width=\"135\" height=\"155\" srcset=\"https:\/\/radici.lu\/wp-content\/uploads\/2026\/04\/rak-porcelain-final-logo-406x465-1-262x300.png 262w, https:\/\/radici.lu\/wp-content\/uploads\/2026\/04\/rak-porcelain-final-logo-406x465-1-10x12.png 10w, https:\/\/radici.lu\/wp-content\/uploads\/2026\/04\/rak-porcelain-final-logo-406x465-1.png 406w\" sizes=\"(max-width: 135px) 100vw, 135px\" \/><\/p>\n<p>&nbsp;<\/p>","protected":false},"excerpt":{"rendered":"<p data-start=\"118\" data-end=\"257\"><strong>Early Bird offer \u2013 limited time only<\/strong><\/p>\n<p data-start=\"118\" data-end=\"257\">Discover an exceptional four-hands dinner by two chefs from the Marche region: <strong data-start=\"211\" data-end=\"230\">Errico Recanati<\/strong> and <strong data-start=\"234\" data-end=\"256\">Rodolfo Serritelli<\/strong>.<\/p>\n<p data-start=\"259\" data-end=\"597\">At the helm of Restaurant Andreina, a family-run establishment founded in the early 1900s and awarded a Michelin star for the past 14 years, Chef Errico Recanati is renowned for his unique mastery of fire-based cooking. Alongside him, Chef Rodolfo Serritelli shares the same roots and a culinary vision deeply rooted in the region.<\/p>\n<p data-start=\"599\" data-end=\"835\">Coming from a region where the sea and the mountains meet within less than an hour\u2019s drive, both chefs draw inspiration from a \u201cland and sea\u201d tradition, combining seafood and farm produce in an authentic and generous cuisine.<\/p>\n<p data-start=\"837\" data-end=\"1016\">For this evening, charcoal cooking \u2014 Chef Errico\u2019s signature technique \u2014 will enhance each dish, bringing depth, intensity, and character to this unique experience.<\/p>","protected":false},"featured_media":10047,"template":"","meta":[],"product_brand":[],"product_cat":[38,88],"product_tag":[],"class_list":{"0":"post-10045","1":"product","2":"type-product","3":"status-publish","4":"has-post-thumbnail","6":"product_cat-specials","7":"product_cat-events","9":"first","10":"instock","11":"sale","12":"shipping-taxable","13":"purchasable","14":"product-type-variable"},"_links":{"self":[{"href":"https:\/\/radici.lu\/en\/wp-json\/wp\/v2\/product\/10045","targetHints":{"allow":["GET"]}}],"collection":[{"href":"https:\/\/radici.lu\/en\/wp-json\/wp\/v2\/product"}],"about":[{"href":"https:\/\/radici.lu\/en\/wp-json\/wp\/v2\/types\/product"}],"wp:featuredmedia":[{"embeddable":true,"href":"https:\/\/radici.lu\/en\/wp-json\/wp\/v2\/media\/10047"}],"wp:attachment":[{"href":"https:\/\/radici.lu\/en\/wp-json\/wp\/v2\/media?parent=10045"}],"wp:term":[{"taxonomy":"product_brand","embeddable":true,"href":"https:\/\/radici.lu\/en\/wp-json\/wp\/v2\/product_brand?post=10045"},{"taxonomy":"product_cat","embeddable":true,"href":"https:\/\/radici.lu\/en\/wp-json\/wp\/v2\/product_cat?post=10045"},{"taxonomy":"product_tag","embeddable":true,"href":"https:\/\/radici.lu\/en\/wp-json\/wp\/v2\/product_tag?post=10045"}],"curies":[{"name":"wp","href":"https:\/\/api.w.org\/{rel}","templated":true}]}}